{"id":1117,"date":"2022-04-26T14:48:00","date_gmt":"2022-04-26T14:48:00","guid":{"rendered":"https:\/\/sowax.fr\/conditions-dutilisation\/"},"modified":"2023-10-30T12:33:08","modified_gmt":"2023-10-30T12:33:08","slug":"condiciones-de-uso","status":"publish","type":"page","link":"https:\/\/sowax.fr\/es\/condiciones-de-uso\/","title":{"rendered":"Condiciones de uso"},"content":{"rendered":"\t\t<div data-elementor-type=\"wp-page\" data-elementor-id=\"1117\" class=\"elementor elementor-1117 elementor-504\" data-elementor-post-type=\"page\">\n\t\t\t\t\t\t<section class=\"elementor-section elementor-top-section elementor-element elementor-element-59ffd73 elementor-section-full_width elementor-section-height-min-height elementor-section-content-middle elementor-section-height-default elementor-section-items-middle\" data-id=\"59ffd73\" data-element_type=\"section\" data-settings=\"{&quot;background_background&quot;:&quot;classic&quot;}\">\n\t\t\t\t\t\t<div class=\"elementor-container elementor-column-gap-default\">\n\t\t\t\t\t<div class=\"elementor-column elementor-col-100 elementor-top-column elementor-element elementor-element-2947c4d\" data-id=\"2947c4d\" data-element_type=\"column\">\n\t\t\t<div class=\"elementor-widget-wrap elementor-element-populated\">\n\t\t\t\t\t\t<div class=\"elementor-element elementor-element-ef3b48e elementor-widget elementor-widget-heading\" data-id=\"ef3b48e\" data-element_type=\"widget\" data-widget_type=\"heading.default\">\n\t\t\t\t<div class=\"elementor-widget-container\">\n\t\t\t<h1 class=\"elementor-heading-title elementor-size-default\">Condiciones Generales<br> de Uso<\/h1>\t\t<\/div>\n\t\t\t\t<\/div>\n\t\t\t\t\t<\/div>\n\t\t<\/div>\n\t\t\t\t\t<\/div>\n\t\t<\/section>\n\t\t\t\t<section class=\"elementor-section elementor-top-section elementor-element elementor-element-3af82ffa elementor-section-boxed elementor-section-height-default elementor-section-height-default\" data-id=\"3af82ffa\" data-element_type=\"section\">\n\t\t\t\t\t\t<div class=\"elementor-container elementor-column-gap-default\">\n\t\t\t\t\t<div class=\"elementor-column elementor-col-100 elementor-top-column elementor-element elementor-element-50157f77\" data-id=\"50157f77\" data-element_type=\"column\">\n\t\t\t<div class=\"elementor-widget-wrap elementor-element-populated\">\n\t\t\t\t\t\t<div class=\"elementor-element elementor-element-6e0101e elementor-widget elementor-widget-text-editor\" data-id=\"6e0101e\" data-element_type=\"widget\" data-widget_type=\"text-editor.default\">\n\t\t\t\t<div class=\"elementor-widget-container\">\n\t\t\t\t\t\t\t<div class=\"row\"><div class=\"col-12\"><div class=\"row\"><div class=\"col-12\"><p>En vigor a partir del <em>1 de enero de 2021<\/em>.<\/p><p>Estas condiciones generales de uso (denominadas \u00abCGU\u00bb) tienen como objetivo proporcionar el marco legal para las modalidades de puesta a disposici\u00f3n del sitio y los servicios por parte de <a href=\"https:\/\/sowax.fr\/es\">sowax.fr<\/a> y definir las condiciones de acceso y uso de los servicios por parte del &#8216;Usuario&#8217;. Estas CGU son accesibles en el sitio en la secci\u00f3n \u00abCGU\u00bb.<\/p><p>Los T\u00e9rminos y Condiciones de Uso (T&amp;C) deben ser aceptados por todo Usuario que desee acceder al sitio. Constituyen el contrato entre el sitio y el Usuario. El acceso al sitio por parte del Usuario implica su aceptaci\u00f3n de estos T&amp;C. A partir de este momento, se compromete a cumplir las presentes condiciones.<\/p><p>Cualquier registro o uso del sitio implica la aceptaci\u00f3n expresa, sin reservas ni restricciones, de estos T&amp;C por parte del usuario. Durante el registro en el sitio a trav\u00e9s del Formulario de Inscripci\u00f3n, cada usuario acepta expresamente estos T&amp;C marcando la casilla que precede al siguiente texto: \u00ab <em>Reconozco haber le\u00eddo y comprendido los T\u00e9rminos y Condiciones y los acepto\u00a0\u00bb<\/em>.<\/p><p>En caso de no aceptar los T&amp;C establecidos en este contrato, el Usuario debe renunciar al acceso a los servicios ofrecidos por el sitio. <a href=\"https:\/\/sowax.fr\/es\">sowax.fr<\/a> se reserva el derecho de modificar unilateralmente y en cualquier momento el contenido de estos T&amp;C.<\/p><h3>\u00a0<\/h3><h3>ART\u00cdCULO 1: Avisos legales<\/h3><p>La edici\u00f3n del sitio web <a href=\"https:\/\/sowax.fr\/es\">sowax.fr<\/a> est\u00e1 a cargo de la Sociedad Sofdi SARL, con un capital de 150,000\u20ac, registrada en el RCS de Nanterre bajo el n\u00famero 424 982 080 y con sede en <em>27 rue Foucher Lepelletier, 92130 Issy-Les-Moulineaux, 01 46 62 09 71, <a href=\"mailto:support@sowax.fr\" target=\"_new\">support@sowax.fr<\/a><\/em>.\u00a0 \u00a0 \u00a0 \u00a0 \u00a0 \u00a0 \u00a0 \u00a0 \u00a0 \u00a0 \u00a0 \u00a0 \u00a0 \u00a0 \u00a0 \u00a0 \u00a0 \u00a0 \u00a0 \u00a0 \u00a0 \u00a0 \u00a0 \u00a0 \u00a0 \u00a0 \u00a0 \u00a0 \u00a0 N\u00famero de IVA intracomunitario: <em>FR77 424 982 080<\/em><\/p><p>El Director de la publicaci\u00f3n es <em>Prune Maury-Laribi\u00e8re<\/em>.<\/p><p>El alojamiento del sitio <a href=\"https:\/\/sowax.fr\/es\">sowax.fr<\/a> est\u00e1 a cargo de la Sociedad OVH, con un capital de 10,069,020\u20ac, registrada en el RCS de <em>Lille<\/em> bajo el n\u00famero 424 761 419 00045 y con sede en 2 rue Kellermann &#8211; 59100 Roubaix &#8211; Francia.<\/p><p><em>\u00a0<\/em><\/p><h3>ART\u00cdCULO 2: Acceso al sitio<\/h3><p>El sitio <a href=\"https:\/\/sowax.fr\/es\">sowax.fr<\/a> permite al Usuario el acceso gratuito a los siguientes servicios:\u00a0 \u00a0 \u00a0 \u00a0 \u00a0 \u00a0 \u00a0 \u00a0 \u00a0 \u00a0 \u00a0 \u00a0 \u00a0 \u00a0 \u00a0 \u00a0 \u00a0 \u00a0 \u00a0 \u00a0 \u00a0 \u00a0 \u00a0 \u00a0 \u00a0 \u00a0 \u00a0 \u00a0 \u00a0 \u00a0 \u00a0 \u00a0 \u00a0 \u00a0 \u00a0 \u00a0 \u00a0 \u00a0 \u00a0 \u00a0 \u00a0 \u00a0 \u00a0 \u00a0 \u00a0 \u00a0 \u00a0 \u00a0 \u00a0 \u00a0 \u00a0 \u00a0 \u00a0 Presentaci\u00f3n de la marca Waxoyl y los diferentes productos distribuidos por Sofdi.<\/p><p>El sitio es accesible de forma gratuita en cualquier lugar para cualquier Usuario que tenga acceso a Internet. Todos los gastos incurridos por el Usuario para acceder al servicio (equipo inform\u00e1tico, software, conexi\u00f3n a Internet, etc.) correr\u00e1n a su cargo.<\/p><p><strong>\u00c1rea de miembros:<\/strong><\/p><p>El Usuario no miembro no tiene acceso a los servicios reservados. Estos solo est\u00e1n disponibles para concesionarios clientes que hayan solicitado la creaci\u00f3n de un espacio personal.<\/p><p>El Usuario es responsable de mantener actualizada la informaci\u00f3n proporcionada. Se le informa que puede modificarla iniciando sesi\u00f3n en su \u00e1rea de miembros.<\/p><p>Para acceder a los servicios, el Usuario deber\u00e1 identificarse con su nombre de usuario y su contrase\u00f1a, que se le proporcionar\u00e1n despu\u00e9s de su registro y que son estrictamente personales. En este sentido, se proh\u00edbe su divulgaci\u00f3n. En caso contrario, el Usuario ser\u00e1 el \u00fanico responsable del uso que se haga de ellos.<\/p><p>El Usuario tambi\u00e9n puede solicitar su desinscripci\u00f3n enviando un correo electr\u00f3nico a: <a href=\"mailto:support@sowax.fr\" target=\"_new\">support@sowax.fr<\/a>. Esta desinscripci\u00f3n ser\u00e1 efectiva en un plazo razonable.<\/p><p>En caso de incumplimiento de las condiciones generales de venta y\/o uso, el sitio <a href=\"https:\/\/sowax.fr\/es\">sowax.fr<\/a> tendr\u00e1 la posibilidad de suspender o cerrar la cuenta de un Usuario despu\u00e9s de un recordatorio enviado por v\u00eda electr\u00f3nica y sin respuesta.<\/p><p>Cualquier eliminaci\u00f3n de la cuenta, cualquiera sea la raz\u00f3n, conllevar\u00e1 la eliminaci\u00f3n completa de toda la informaci\u00f3n personal del Usuario.<\/p><p>Cualquier evento debido a un caso de fuerza mayor que resulte en un mal funcionamiento del sitio o del servidor, y sujeto a interrupciones o modificaciones por mantenimiento, no compromete la responsabilidad de <a href=\"https:\/\/sowax.fr\/es\">sowax.fr<\/a>. En estos casos, el Usuario acepta no responsabilizar al editor por cualquier interrupci\u00f3n o suspensi\u00f3n del servicio, incluso sin previo aviso.<\/p><p>El Usuario tiene la posibilidad de contactar al sitio por correo electr\u00f3nico en la direcci\u00f3n de correo del editor, como se comunica en el ART\u00cdCULO 1.<\/p><h3>\u00a0<\/h3><h3>ART\u00cdCULO 3: Datos personales<\/h3><p>El sitio web garantiza al Usuario la recopilaci\u00f3n y el procesamiento de informaci\u00f3n personal de conformidad con la privacidad y de acuerdo con la Ley n.\u00ba 78-17 del 6 de enero de 1978 relativa a la inform\u00e1tica, los archivos y las libertades. El sitio est\u00e1 registrado en la CNIL. En virtud de la Ley de Inform\u00e1tica y Libertades, con fecha 6 de enero de 1978, el Usuario tiene el derecho de acceder, rectificar, suprimir y oponerse a sus datos personales. El Usuario puede ejercer este derecho:<\/p><ul><li>por correo electr\u00f3nico a <em>la direcci\u00f3n indicada en el Art\u00edculo 1<\/em><\/li><li>por correo postal a <em>la direcci\u00f3n de la sede social<\/em>.<\/li><\/ul><h3>\u00a0<\/h3><h3>ART\u00cdCULO 4: Propiedad intelectual<\/h3><p>Las marcas, logotipos, signos, as\u00ed como todo el contenido del sitio (textos, im\u00e1genes, sonido&#8230;) est\u00e1n protegidos por el C\u00f3digo de Propiedad Intelectual y, en particular, por los derechos de autor.<\/p><p>El Usuario debe solicitar la autorizaci\u00f3n previa del sitio para cualquier reproducci\u00f3n, publicaci\u00f3n o copia de los diferentes contenidos. Se compromete a utilizar el contenido del sitio estrictamente en un \u00e1mbito privado, quedando estrictamente prohibido su uso con fines comerciales y publicitarios.<\/p><p>Cualquier representaci\u00f3n total o parcial de este sitio, por cualquier medio, sin la autorizaci\u00f3n expresa del operador del sitio web, constituir\u00eda una infracci\u00f3n sancionada por el art\u00edculo L 335-2 y siguientes del C\u00f3digo de Propiedad Intelectual.<\/p><p>Se recuerda, de acuerdo con el art\u00edculo L122-5 del C\u00f3digo de Propiedad Intelectual, que el Usuario que reproduzca, copie o publique el contenido protegido debe citar al autor y su fuente.<\/p><h3>\u00a0<\/h3><h3><strong>ART\u00cdCULO 5: Responsabilidad<\/strong><\/h3><p>Las fuentes de la informaci\u00f3n proporcionada en el sitio <a href=\"https:\/\/sowax.fr\/es\">sowax.fr<\/a> se consideran confiables, pero el sitio no garantiza que est\u00e9 libre de defectos, errores u omisiones. La informaci\u00f3n comunicada se presenta a t\u00edtulo indicativo y general, sin valor contractual. A pesar de las actualizaciones regulares, el sitio <a href=\"https:\/\/sowax.fr\/es\">sowax.fr<\/a> no puede ser responsable de las modificaciones en las disposiciones administrativas y legales que ocurran despu\u00e9s de la publicaci\u00f3n. Del mismo modo, el sitio no puede ser responsabilizado por el uso e interpretaci\u00f3n de la informaci\u00f3n contenida en este sitio.<\/p><p>El Usuario, concernido por el \u00e1rea de miembros, se asegura de mantener su contrase\u00f1a en secreto. Cualquier divulgaci\u00f3n de la contrase\u00f1a, en cualquier forma, est\u00e1 prohibida. \u00c9l asume los riesgos relacionados con el uso de su identificador y contrase\u00f1a. El sitio declina toda responsabilidad.<\/p><p>El sitio <a href=\"https:\/\/sowax.fr\/es\">sowax.fr<\/a> no puede ser responsabilizado por posibles virus que puedan infectar la computadora o cualquier equipo inform\u00e1tico del Usuario, como resultado de su uso, acceso o descarga desde este sitio.<\/p><p>La responsabilidad del sitio no puede ser comprometida en caso de fuerza mayor o de eventos imprevisibles e insuperables por parte de terceros.<\/p><h3>\u00a0<\/h3><h3>ART\u00cdCULO 6: Enlaces hipertextuales<\/h3><p>El sitio puede contener enlaces hipertextuales. El Usuario queda informado de que al hacer clic en estos enlaces, abandonar\u00e1 el sitio <a href=\"https:\/\/sowax.fr\/es\">sowax.fr<\/a>. Este \u00faltimo no tiene control sobre las p\u00e1ginas web a las que conducen estos enlaces y, en ning\u00fan caso, puede ser responsable de su contenido.<\/p><h3>\u00a0<\/h3><h3>ART\u00cdCULO 7: Cookies<\/h3><p>El Usuario queda informado de que, durante sus visitas al sitio, una cookie puede instalarse autom\u00e1ticamente en su software de navegaci\u00f3n.<\/p><p>Las cookies son peque\u00f1os archivos temporales almacenados en el disco duro de la computadora del Usuario por su navegador y son necesarios para el funcionamiento del sitio <a href=\"https:\/\/sowax.fr\/es\">sowax.fr<\/a>. Las cookies no contienen informaci\u00f3n personal y no pueden ser utilizadas para identificar a alguien. Una cookie contiene un identificador \u00fanico, generado de manera aleatoria y, por lo tanto, an\u00f3nimo. Algunas cookies expiran al final de la visita del Usuario, mientras que otras permanecen.<\/p><p>La informaci\u00f3n contenida en las cookies se utiliza para mejorar el sitio, por ejemplo, al:<\/p><ul><li>Permitir que un servicio reconozca el dispositivo del Usuario, para que no tenga que proporcionar la misma informaci\u00f3n varias veces, como completar un formulario o una encuesta.<\/li><li>Recordar que el Usuario ya ha proporcionado su identificador y contrase\u00f1a, para no tener que hacerlo en cada nueva p\u00e1gina.<\/li><li>Supervisar c\u00f3mo los usuarios utilizan los servicios, para hacerlos m\u00e1s f\u00e1ciles de usar y asignar suficiente potencia para garantizar su reactividad.<\/li><li>Analizar datos &#8216;anonimizados&#8217; para ayudar a comprender c\u00f3mo los usuarios interact\u00faan con los diferentes aspectos de los servicios en l\u00ednea y, por lo tanto, mejorarlos.<\/li><\/ul><p>Al navegar por el sitio, el Usuario los acepta. En caso de no aceptaci\u00f3n, se le informa al Usuario que algunas funciones o p\u00e1ginas podr\u00edan ser denegadas.<\/p><p>El Usuario puede desactivar esta cookie a trav\u00e9s de la configuraci\u00f3n de su software de navegaci\u00f3n.<\/p><h3>\u00a0<\/h3><h3>ART\u00cdCULO 8: Ley aplicable y jurisdicci\u00f3n competente<\/h3><p>La ley francesa se aplica a este contrato. En caso de falta de resoluci\u00f3n amigable de una disputa entre las partes, los tribunales franceses ser\u00e1n los \u00fanicos competentes.<\/p><p>Para cualquier pregunta relacionada con la aplicaci\u00f3n de estos T\u00e9rminos y Condiciones, puede ponerse en contacto con el editor en las coordenadas indicadas en el ART\u00cdCULO 1.<\/p><\/div><\/div><\/div><\/div>\t\t\t\t\t\t<\/div>\n\t\t\t\t<\/div>\n\t\t\t\t\t<\/div>\n\t\t<\/div>\n\t\t\t\t\t<\/div>\n\t\t<\/section>\n\t\t\t\t<\/div>\n\t\t","protected":false},"excerpt":{"rendered":"<p>Condiciones Generales de Uso En vigor a partir del 1 de enero de 2021. Estas condiciones generales de uso (denominadas \u00abCGU\u00bb) tienen como objetivo proporcionar el marco legal para las modalidades de puesta a disposici\u00f3n del sitio y los servicios por parte de sowax.fr y definir las condiciones de acceso y uso de los servicios [&hellip;]<\/p>\n","protected":false},"author":1,"featured_media":0,"parent":0,"menu_order":0,"comment_status":"closed","ping_status":"open","template":"","meta":{"_acf_changed":false,"footnotes":""},"class_list":["post-1117","page","type-page","status-publish","hentry"],"acf":[],"yoast_head":"<!-- This site is optimized with the Yoast SEO plugin v27.4 - https:\/\/yoast.com\/product\/yoast-seo-wordpress\/ -->\n<title>Condiciones de uso | Groupe SOFDI<\/title>\n<meta name=\"robots\" content=\"index, follow, max-snippet:-1, max-image-preview:large, max-video-preview:-1\" \/>\n<link rel=\"canonical\" href=\"https:\/\/sowax.fr\/es\/condiciones-de-uso\/\" \/>\n<meta property=\"og:locale\" content=\"es_ES\" \/>\n<meta property=\"og:type\" content=\"article\" \/>\n<meta property=\"og:title\" content=\"Condiciones de uso | Groupe SOFDI\" \/>\n<meta property=\"og:description\" content=\"Condiciones Generales de Uso En vigor a partir del 1 de enero de 2021. Estas condiciones generales de uso (denominadas \u00abCGU\u00bb) tienen como objetivo proporcionar el marco legal para las modalidades de puesta a disposici\u00f3n del sitio y los servicios por parte de sowax.fr y definir las condiciones de acceso y uso de los servicios [&hellip;]\" \/>\n<meta property=\"og:url\" content=\"https:\/\/sowax.fr\/es\/condiciones-de-uso\/\" \/>\n<meta property=\"og:site_name\" content=\"Groupe SOFDI\" \/>\n<meta property=\"article:modified_time\" content=\"2023-10-30T12:33:08+00:00\" \/>\n<meta name=\"twitter:card\" content=\"summary_large_image\" \/>\n<meta name=\"twitter:label1\" content=\"Tiempo de lectura\" \/>\n\t<meta name=\"twitter:data1\" content=\"7 minutos\" \/>\n<script type=\"application\/ld+json\" class=\"yoast-schema-graph\">{\"@context\":\"https:\\\/\\\/schema.org\",\"@graph\":[{\"@type\":\"WebPage\",\"@id\":\"https:\\\/\\\/sowax.fr\\\/es\\\/condiciones-de-uso\\\/\",\"url\":\"https:\\\/\\\/sowax.fr\\\/es\\\/condiciones-de-uso\\\/\",\"name\":\"Condiciones de uso | Groupe SOFDI\",\"isPartOf\":{\"@id\":\"https:\\\/\\\/sowax.fr\\\/es\\\/#website\"},\"datePublished\":\"2022-04-26T14:48:00+00:00\",\"dateModified\":\"2023-10-30T12:33:08+00:00\",\"inLanguage\":\"es\",\"potentialAction\":[{\"@type\":\"ReadAction\",\"target\":[\"https:\\\/\\\/sowax.fr\\\/es\\\/condiciones-de-uso\\\/\"]}]},{\"@type\":\"WebSite\",\"@id\":\"https:\\\/\\\/sowax.fr\\\/es\\\/#website\",\"url\":\"https:\\\/\\\/sowax.fr\\\/es\\\/\",\"name\":\"Groupe SOFDI\",\"description\":\"\",\"publisher\":{\"@id\":\"https:\\\/\\\/sowax.fr\\\/es\\\/#organization\"},\"potentialAction\":[{\"@type\":\"SearchAction\",\"target\":{\"@type\":\"EntryPoint\",\"urlTemplate\":\"https:\\\/\\\/sowax.fr\\\/es\\\/?s={search_term_string}\"},\"query-input\":{\"@type\":\"PropertyValueSpecification\",\"valueRequired\":true,\"valueName\":\"search_term_string\"}}],\"inLanguage\":\"es\"},{\"@type\":\"Organization\",\"@id\":\"https:\\\/\\\/sowax.fr\\\/es\\\/#organization\",\"name\":\"Groupe SOFDI\",\"url\":\"https:\\\/\\\/sowax.fr\\\/es\\\/\",\"logo\":{\"@type\":\"ImageObject\",\"inLanguage\":\"es\",\"@id\":\"https:\\\/\\\/sowax.fr\\\/es\\\/#\\\/schema\\\/logo\\\/image\\\/\",\"url\":\"https:\\\/\\\/sowax.fr\\\/wp-content\\\/uploads\\\/2024\\\/02\\\/cropped-cropped-Sowax-Rouge.png\",\"contentUrl\":\"https:\\\/\\\/sowax.fr\\\/wp-content\\\/uploads\\\/2024\\\/02\\\/cropped-cropped-Sowax-Rouge.png\",\"width\":2742,\"height\":904,\"caption\":\"Groupe SOFDI\"},\"image\":{\"@id\":\"https:\\\/\\\/sowax.fr\\\/es\\\/#\\\/schema\\\/logo\\\/image\\\/\"}}]}<\/script>\n<!-- \/ Yoast SEO plugin. -->","yoast_head_json":{"title":"Condiciones de uso | Groupe SOFDI","robots":{"index":"index","follow":"follow","max-snippet":"max-snippet:-1","max-image-preview":"max-image-preview:large","max-video-preview":"max-video-preview:-1"},"canonical":"https:\/\/sowax.fr\/es\/condiciones-de-uso\/","og_locale":"es_ES","og_type":"article","og_title":"Condiciones de uso | Groupe SOFDI","og_description":"Condiciones Generales de Uso En vigor a partir del 1 de enero de 2021. Estas condiciones generales de uso (denominadas \u00abCGU\u00bb) tienen como objetivo proporcionar el marco legal para las modalidades de puesta a disposici\u00f3n del sitio y los servicios por parte de sowax.fr y definir las condiciones de acceso y uso de los servicios [&hellip;]","og_url":"https:\/\/sowax.fr\/es\/condiciones-de-uso\/","og_site_name":"Groupe SOFDI","article_modified_time":"2023-10-30T12:33:08+00:00","twitter_card":"summary_large_image","twitter_misc":{"Tiempo de lectura":"7 minutos"},"schema":{"@context":"https:\/\/schema.org","@graph":[{"@type":"WebPage","@id":"https:\/\/sowax.fr\/es\/condiciones-de-uso\/","url":"https:\/\/sowax.fr\/es\/condiciones-de-uso\/","name":"Condiciones de uso | Groupe SOFDI","isPartOf":{"@id":"https:\/\/sowax.fr\/es\/#website"},"datePublished":"2022-04-26T14:48:00+00:00","dateModified":"2023-10-30T12:33:08+00:00","inLanguage":"es","potentialAction":[{"@type":"ReadAction","target":["https:\/\/sowax.fr\/es\/condiciones-de-uso\/"]}]},{"@type":"WebSite","@id":"https:\/\/sowax.fr\/es\/#website","url":"https:\/\/sowax.fr\/es\/","name":"Groupe SOFDI","description":"","publisher":{"@id":"https:\/\/sowax.fr\/es\/#organization"},"potentialAction":[{"@type":"SearchAction","target":{"@type":"EntryPoint","urlTemplate":"https:\/\/sowax.fr\/es\/?s={search_term_string}"},"query-input":{"@type":"PropertyValueSpecification","valueRequired":true,"valueName":"search_term_string"}}],"inLanguage":"es"},{"@type":"Organization","@id":"https:\/\/sowax.fr\/es\/#organization","name":"Groupe SOFDI","url":"https:\/\/sowax.fr\/es\/","logo":{"@type":"ImageObject","inLanguage":"es","@id":"https:\/\/sowax.fr\/es\/#\/schema\/logo\/image\/","url":"https:\/\/sowax.fr\/wp-content\/uploads\/2024\/02\/cropped-cropped-Sowax-Rouge.png","contentUrl":"https:\/\/sowax.fr\/wp-content\/uploads\/2024\/02\/cropped-cropped-Sowax-Rouge.png","width":2742,"height":904,"caption":"Groupe SOFDI"},"image":{"@id":"https:\/\/sowax.fr\/es\/#\/schema\/logo\/image\/"}}]}},"_links":{"self":[{"href":"https:\/\/sowax.fr\/es\/wp-json\/wp\/v2\/pages\/1117","targetHints":{"allow":["GET"]}}],"collection":[{"href":"https:\/\/sowax.fr\/es\/wp-json\/wp\/v2\/pages"}],"about":[{"href":"https:\/\/sowax.fr\/es\/wp-json\/wp\/v2\/types\/page"}],"author":[{"embeddable":true,"href":"https:\/\/sowax.fr\/es\/wp-json\/wp\/v2\/users\/1"}],"replies":[{"embeddable":true,"href":"https:\/\/sowax.fr\/es\/wp-json\/wp\/v2\/comments?post=1117"}],"version-history":[{"count":112,"href":"https:\/\/sowax.fr\/es\/wp-json\/wp\/v2\/pages\/1117\/revisions"}],"predecessor-version":[{"id":5122,"href":"https:\/\/sowax.fr\/es\/wp-json\/wp\/v2\/pages\/1117\/revisions\/5122"}],"wp:attachment":[{"href":"https:\/\/sowax.fr\/es\/wp-json\/wp\/v2\/media?parent=1117"}],"curies":[{"name":"wp","href":"https:\/\/api.w.org\/{rel}","templated":true}]}}